{"id":68,"date":"2023-03-27T17:59:22","date_gmt":"2023-03-27T17:59:22","guid":{"rendered":"https:\/?page_id=68"},"modified":"2023-04-10T13:51:59","modified_gmt":"2023-04-10T13:51:59","slug":"pracas-de-alimentacao-itinerantes","status":"publish","type":"page","link":"https:\/\/vpcentraleventos.com.br\/?page_id=68","title":{"rendered":"Pra\u00e7as de alimenta\u00e7\u00e3o itinerantes"},"content":{"rendered":"","protected":false},"excerpt":{"rendered":"<p>O maior e melhor Mix de Food Trucks para seu evento!<br \/>\nContamos com especialistas em gastronomia indoor personalizada,  podemos realizar um Food Park cheio de op\u00e7\u00f5es deliciosas para seu evento.<\/p>\n","protected":false},"author":1,"featured_media":258,"parent":0,"menu_order":0,"comment_status":"closed","ping_status":"closed","template":"","meta":{"footnotes":""},"class_list":["post-68","page","type-page","status-publish","has-post-thumbnail","hentry"],"_links":{"self":[{"href":"https:\/\/vpcentraleventos.com.br\/index.php?rest_route=\/wp\/v2\/pages\/68","targetHints":{"allow":["GET"]}}],"collection":[{"href":"https:\/\/vpcentraleventos.com.br\/index.php?rest_route=\/wp\/v2\/pages"}],"about":[{"href":"https:\/\/vpcentraleventos.com.br\/index.php?rest_route=\/wp\/v2\/types\/page"}],"author":[{"embeddable":true,"href":"https:\/\/vpcentraleventos.com.br\/index.php?rest_route=\/wp\/v2\/users\/1"}],"replies":[{"embeddable":true,"href":"https:\/\/vpcentraleventos.com.br\/index.php?rest_route=%2Fwp%2Fv2%2Fcomments&post=68"}],"version-history":[{"count":3,"href":"https:\/\/vpcentraleventos.com.br\/index.php?rest_route=\/wp\/v2\/pages\/68\/revisions"}],"predecessor-version":[{"id":281,"href":"https:\/\/vpcentraleventos.com.br\/index.php?rest_route=\/wp\/v2\/pages\/68\/revisions\/281"}],"wp:featuredmedia":[{"embeddable":true,"href":"https:\/\/vpcentraleventos.com.br\/index.php?rest_route=\/wp\/v2\/media\/258"}],"wp:attachment":[{"href":"https:\/\/vpcentraleventos.com.br\/index.php?rest_route=%2Fwp%2Fv2%2Fmedia&parent=68"}],"curies":[{"name":"wp","href":"https:\/\/api.w.org\/{rel}","templated":true}]}}