{"id":48,"date":"2023-03-27T17:40:22","date_gmt":"2023-03-27T17:40:22","guid":{"rendered":"https:\/?page_id=48"},"modified":"2023-03-28T19:29:13","modified_gmt":"2023-03-28T19:29:13","slug":"consultoria-e-orientacao","status":"publish","type":"page","link":"https:\/\/vpcentraleventos.com.br\/?page_id=48","title":{"rendered":"Consultoria e orienta\u00e7\u00e3o"},"content":{"rendered":"\n<p>Coordena\u00e7\u00e3o, realiza\u00e7\u00e3o, gerenciamento e produ\u00e7\u00e3o do seu evento coorporativo, t\u00e9cnico cientifico, religioso ou cultural.<\/p>\n","protected":false},"excerpt":{"rendered":"<p>Coordena\u00e7\u00e3o, realiza\u00e7\u00e3o, gerenciamento e produ\u00e7\u00e3o do seu evento corporativo, t\u00e9cnico cient\u00edfico, religioso ou cultural.<\/p>\n","protected":false},"author":1,"featured_media":255,"parent":0,"menu_order":0,"comment_status":"closed","ping_status":"closed","template":"","meta":{"footnotes":""},"class_list":["post-48","page","type-page","status-publish","has-post-thumbnail","hentry"],"_links":{"self":[{"href":"https:\/\/vpcentraleventos.com.br\/index.php?rest_route=\/wp\/v2\/pages\/48","targetHints":{"allow":["GET"]}}],"collection":[{"href":"https:\/\/vpcentraleventos.com.br\/index.php?rest_route=\/wp\/v2\/pages"}],"about":[{"href":"https:\/\/vpcentraleventos.com.br\/index.php?rest_route=\/wp\/v2\/types\/page"}],"author":[{"embeddable":true,"href":"https:\/\/vpcentraleventos.com.br\/index.php?rest_route=\/wp\/v2\/users\/1"}],"replies":[{"embeddable":true,"href":"https:\/\/vpcentraleventos.com.br\/index.php?rest_route=%2Fwp%2Fv2%2Fcomments&post=48"}],"version-history":[{"count":2,"href":"https:\/\/vpcentraleventos.com.br\/index.php?rest_route=\/wp\/v2\/pages\/48\/revisions"}],"predecessor-version":[{"id":75,"href":"https:\/\/vpcentraleventos.com.br\/index.php?rest_route=\/wp\/v2\/pages\/48\/revisions\/75"}],"wp:featuredmedia":[{"embeddable":true,"href":"https:\/\/vpcentraleventos.com.br\/index.php?rest_route=\/wp\/v2\/media\/255"}],"wp:attachment":[{"href":"https:\/\/vpcentraleventos.com.br\/index.php?rest_route=%2Fwp%2Fv2%2Fmedia&parent=48"}],"curies":[{"name":"wp","href":"https:\/\/api.w.org\/{rel}","templated":true}]}}