{"id":25,"date":"2023-03-27T17:27:47","date_gmt":"2023-03-27T17:27:47","guid":{"rendered":"https:\/?page_id=25"},"modified":"2023-03-28T19:28:28","modified_gmt":"2023-03-28T19:28:28","slug":"liberacoes-para-eventos","status":"publish","type":"page","link":"https:\/\/vpcentraleventos.com.br\/?page_id=25","title":{"rendered":"Libera\u00e7\u00f5es para eventos"},"content":{"rendered":"","protected":false},"excerpt":{"rendered":"<p>Documenta\u00e7\u00e3o perante aos \u00f3rg\u00e3os exigentes para valida\u00e7\u00f5es de Alvar\u00e1s.<\/p>\n","protected":false},"author":1,"featured_media":254,"parent":0,"menu_order":0,"comment_status":"closed","ping_status":"closed","template":"","meta":{"footnotes":""},"class_list":["post-25","page","type-page","status-publish","has-post-thumbnail","hentry"],"_links":{"self":[{"href":"https:\/\/vpcentraleventos.com.br\/index.php?rest_route=\/wp\/v2\/pages\/25","targetHints":{"allow":["GET"]}}],"collection":[{"href":"https:\/\/vpcentraleventos.com.br\/index.php?rest_route=\/wp\/v2\/pages"}],"about":[{"href":"https:\/\/vpcentraleventos.com.br\/index.php?rest_route=\/wp\/v2\/types\/page"}],"author":[{"embeddable":true,"href":"https:\/\/vpcentraleventos.com.br\/index.php?rest_route=\/wp\/v2\/users\/1"}],"replies":[{"embeddable":true,"href":"https:\/\/vpcentraleventos.com.br\/index.php?rest_route=%2Fwp%2Fv2%2Fcomments&post=25"}],"version-history":[{"count":1,"href":"https:\/\/vpcentraleventos.com.br\/index.php?rest_route=\/wp\/v2\/pages\/25\/revisions"}],"predecessor-version":[{"id":27,"href":"https:\/\/vpcentraleventos.com.br\/index.php?rest_route=\/wp\/v2\/pages\/25\/revisions\/27"}],"wp:featuredmedia":[{"embeddable":true,"href":"https:\/\/vpcentraleventos.com.br\/index.php?rest_route=\/wp\/v2\/media\/254"}],"wp:attachment":[{"href":"https:\/\/vpcentraleventos.com.br\/index.php?rest_route=%2Fwp%2Fv2%2Fmedia&parent=25"}],"curies":[{"name":"wp","href":"https:\/\/api.w.org\/{rel}","templated":true}]}}